{"id":9,"date":"2023-07-15T13:38:52","date_gmt":"2023-07-15T11:38:52","guid":{"rendered":"http:\/\/subrebost.com\/?page_id=9"},"modified":"2025-11-13T14:38:22","modified_gmt":"2025-11-13T13:38:22","slug":"les-films","status":"publish","type":"page","link":"https:\/\/subrebost.com\/index.php\/les-films\/","title":{"rendered":"L&#8217;HUMANITE TREMBLANTE"},"content":{"rendered":"\n<p><\/p>\n\n\n\n<figure class=\"wp-block-embed is-type-video is-provider-youtube wp-block-embed-youtube wp-embed-aspect-16-9 wp-has-aspect-ratio\"><div class=\"wp-block-embed__wrapper\">\n<iframe loading=\"lazy\" title=\"L&#039;humanite\u0301 tremblante - Alain Subrebost\" width=\"640\" height=\"360\" src=\"https:\/\/www.youtube.com\/embed\/Xs2gE0pZDJI?feature=oembed\" frameborder=\"0\" allow=\"accelerometer; autoplay; clipboard-write; encrypted-media; gyroscope; picture-in-picture; web-share\" referrerpolicy=\"strict-origin-when-cross-origin\" allowfullscreen><\/iframe>\n<\/div><figcaption class=\"wp-element-caption\">Une vid\u00e9o po\u00e9sie, dont le texte a \u00e9t\u00e9 \u00e9dit\u00e9 dans le livre  &#8221; Contre-Feux&#8221; :<a href=\"https:\/\/www.maelstromreevolution.org\/catalogue\/item\/839-contre-feux\">https:\/\/www.maelstromreevolution.org\/catalogue\/item\/839-contre-feux<\/a><\/figcaption><\/figure>\n\n\n\n<p><\/p>\n\n\n\n<p><\/p>\n","protected":false},"excerpt":{"rendered":"","protected":false},"author":1,"featured_media":0,"parent":0,"menu_order":0,"comment_status":"closed","ping_status":"closed","template":"","meta":{"footnotes":""},"class_list":["post-9","page","type-page","status-publish","hentry"],"_links":{"self":[{"href":"https:\/\/subrebost.com\/index.php\/wp-json\/wp\/v2\/pages\/9","targetHints":{"allow":["GET"]}}],"collection":[{"href":"https:\/\/subrebost.com\/index.php\/wp-json\/wp\/v2\/pages"}],"about":[{"href":"https:\/\/subrebost.com\/index.php\/wp-json\/wp\/v2\/types\/page"}],"author":[{"embeddable":true,"href":"https:\/\/subrebost.com\/index.php\/wp-json\/wp\/v2\/users\/1"}],"replies":[{"embeddable":true,"href":"https:\/\/subrebost.com\/index.php\/wp-json\/wp\/v2\/comments?post=9"}],"version-history":[{"count":11,"href":"https:\/\/subrebost.com\/index.php\/wp-json\/wp\/v2\/pages\/9\/revisions"}],"predecessor-version":[{"id":593,"href":"https:\/\/subrebost.com\/index.php\/wp-json\/wp\/v2\/pages\/9\/revisions\/593"}],"wp:attachment":[{"href":"https:\/\/subrebost.com\/index.php\/wp-json\/wp\/v2\/media?parent=9"}],"curies":[{"name":"wp","href":"https:\/\/api.w.org\/{rel}","templated":true}]}}