{"id":567,"date":"2025-11-13T14:05:00","date_gmt":"2025-11-13T13:05:00","guid":{"rendered":"https:\/\/subrebost.com\/?page_id=567"},"modified":"2025-11-13T14:05:20","modified_gmt":"2025-11-13T13:05:20","slug":"567-2","status":"publish","type":"page","link":"https:\/\/subrebost.com\/index.php\/567-2\/","title":{"rendered":"LIVRE COLLECTIF"},"content":{"rendered":"\n<p><\/p>\n\n\n\n<p><\/p>\n\n\n\n<p><strong>56 Descentes dans le maelstr\u00d6m (Maelstr\u00f6m Reevolution)<\/strong><\/p>\n\n\n\n<div class=\"wp-block-media-text is-stacked-on-mobile\" style=\"grid-template-columns:32% auto\"><figure class=\"wp-block-media-text__media\"><img loading=\"lazy\" decoding=\"async\" width=\"400\" height=\"581\" src=\"https:\/\/subrebost.com\/wp-content\/uploads\/2025\/11\/07da00e383d0881ed3ca8a8acbeba107_M.jpg\" alt=\"\" class=\"wp-image-346 size-full\" srcset=\"https:\/\/subrebost.com\/wp-content\/uploads\/2025\/11\/07da00e383d0881ed3ca8a8acbeba107_M.jpg 400w, https:\/\/subrebost.com\/wp-content\/uploads\/2025\/11\/07da00e383d0881ed3ca8a8acbeba107_M-207x300.jpg 207w\" sizes=\"auto, (max-width: 400px) 100vw, 400px\" \/><\/figure><div class=\"wp-block-media-text__content\">\n<p>J&#8217;ai eu la joie de participer \u00e0 cet ouvrage en cr\u00e9ant plusieurs planches de BD afin de montrer ma vision de cette histoire&#8230;<\/p>\n\n\n\n<p>Trois fr\u00e8res sont pris, lors d\u2019une nuit de temp\u00eate, par un tourbillon vertigineux qui engloutit leur bateau de p\u00eache.<br>Un seul d\u2019entre eux survit, profond\u00e9ment chang\u00e9 par l\u2019exp\u00e9rience.<br>Comment et pourquoi ?<br>\u00c0 l\u2019occasion des 33 ans de l\u2019aventure du projet maelstr\u00d6m, 55 artistes sont invit\u00e9\u2219e\u2219s par l\u2019\u00e9diteur \u00e0 (re)lire la nouvelle d\u2019Edgar Allan Poe, Une descente dans le Maelstr\u00f6m, \u00e0 s\u2019en impr\u00e9gner, pour ensuite \u00e9crire, dessiner, mettre en musique ou en BD, en photos, en un mot : cr\u00e9er.<br>Cette cr\u00e9ation se fait alors extraction de symboles, \u00e9cho de m\u00e9taphore, mais surtout : \u0153uvre personnelle.<br>Un ouvrage collectif et unique.<\/p>\n\n\n\n<p><\/p>\n\n\n\n<p><\/p>\n\n\n\n<p><\/p>\n<\/div><\/div>\n","protected":false},"excerpt":{"rendered":"<p>56 Descentes dans le maelstr\u00d6m (Maelstr\u00f6m Reevolution) J&#8217;ai eu la joie de participer \u00e0 cet ouvrage en cr\u00e9ant plusieurs planches de BD afin de montrer ma vision de cette histoire&#8230; Trois fr\u00e8res sont pris, lors d\u2019une nuit de temp\u00eate, par un tourbillon vertigineux qui engloutit leur bateau de p\u00eache.Un seul d\u2019entre eux survit, profond\u00e9ment chang\u00e9 [&hellip;]<\/p>\n","protected":false},"author":1,"featured_media":0,"parent":0,"menu_order":0,"comment_status":"closed","ping_status":"closed","template":"","meta":{"footnotes":""},"class_list":["post-567","page","type-page","status-publish","hentry"],"_links":{"self":[{"href":"https:\/\/subrebost.com\/index.php\/wp-json\/wp\/v2\/pages\/567","targetHints":{"allow":["GET"]}}],"collection":[{"href":"https:\/\/subrebost.com\/index.php\/wp-json\/wp\/v2\/pages"}],"about":[{"href":"https:\/\/subrebost.com\/index.php\/wp-json\/wp\/v2\/types\/page"}],"author":[{"embeddable":true,"href":"https:\/\/subrebost.com\/index.php\/wp-json\/wp\/v2\/users\/1"}],"replies":[{"embeddable":true,"href":"https:\/\/subrebost.com\/index.php\/wp-json\/wp\/v2\/comments?post=567"}],"version-history":[{"count":4,"href":"https:\/\/subrebost.com\/index.php\/wp-json\/wp\/v2\/pages\/567\/revisions"}],"predecessor-version":[{"id":571,"href":"https:\/\/subrebost.com\/index.php\/wp-json\/wp\/v2\/pages\/567\/revisions\/571"}],"wp:attachment":[{"href":"https:\/\/subrebost.com\/index.php\/wp-json\/wp\/v2\/media?parent=567"}],"curies":[{"name":"wp","href":"https:\/\/api.w.org\/{rel}","templated":true}]}}