{"id":546,"date":"2025-11-13T13:56:16","date_gmt":"2025-11-13T12:56:16","guid":{"rendered":"https:\/\/subrebost.com\/?page_id=546"},"modified":"2025-11-13T13:58:15","modified_gmt":"2025-11-13T12:58:15","slug":"pierre-richard","status":"publish","type":"page","link":"https:\/\/subrebost.com\/index.php\/pierre-richard\/","title":{"rendered":"PIERRE RICHARD"},"content":{"rendered":"\n<p>Quel bonheur d&#8217;avoir pu rencontr\u00e9, travaill\u00e9, rire, refaire le monde avec cet immense acteur !!! Voil\u00e0 ce qu&#8217;il disait apr\u00e9s son s\u00e9jour en Dordogne&#8230;.<\/p>\n","protected":false},"excerpt":{"rendered":"<p>Quel bonheur d&#8217;avoir pu rencontr\u00e9, travaill\u00e9, rire, refaire le monde avec cet immense acteur !!! Voil\u00e0 ce qu&#8217;il disait apr\u00e9s son s\u00e9jour en Dordogne&#8230;.<\/p>\n","protected":false},"author":1,"featured_media":0,"parent":0,"menu_order":0,"comment_status":"closed","ping_status":"closed","template":"","meta":{"footnotes":""},"class_list":["post-546","page","type-page","status-publish","hentry"],"_links":{"self":[{"href":"https:\/\/subrebost.com\/index.php\/wp-json\/wp\/v2\/pages\/546","targetHints":{"allow":["GET"]}}],"collection":[{"href":"https:\/\/subrebost.com\/index.php\/wp-json\/wp\/v2\/pages"}],"about":[{"href":"https:\/\/subrebost.com\/index.php\/wp-json\/wp\/v2\/types\/page"}],"author":[{"embeddable":true,"href":"https:\/\/subrebost.com\/index.php\/wp-json\/wp\/v2\/users\/1"}],"replies":[{"embeddable":true,"href":"https:\/\/subrebost.com\/index.php\/wp-json\/wp\/v2\/comments?post=546"}],"version-history":[{"count":2,"href":"https:\/\/subrebost.com\/index.php\/wp-json\/wp\/v2\/pages\/546\/revisions"}],"predecessor-version":[{"id":553,"href":"https:\/\/subrebost.com\/index.php\/wp-json\/wp\/v2\/pages\/546\/revisions\/553"}],"wp:attachment":[{"href":"https:\/\/subrebost.com\/index.php\/wp-json\/wp\/v2\/media?parent=546"}],"curies":[{"name":"wp","href":"https:\/\/api.w.org\/{rel}","templated":true}]}}