{"id":433,"date":"2025-11-12T11:12:04","date_gmt":"2025-11-12T10:12:04","guid":{"rendered":"https:\/\/subrebost.com\/?page_id=433"},"modified":"2025-11-13T14:45:41","modified_gmt":"2025-11-13T13:45:41","slug":"en-creation","status":"publish","type":"page","link":"https:\/\/subrebost.com\/","title":{"rendered":"EN CREATION"},"content":{"rendered":"\n<p><\/p>\n\n\n\n<p><strong>CONTRE-FEUX<\/strong>: Pr\u00e9paration technique de \u201c<a href=\"https:\/\/subrebost.com\/index.php\/poesie-performance\/?customize_changeset_uuid=625d989e-5d5a-4ec3-8197-1bf2c95826ad&amp;customize_messenger_channel=preview-1\">Contre-Feux<\/a>\u201d la performance qui m\u00eale po\u00e9sie, \u00e9criture, litt\u00e9rature, musique live et vid\u00e9o mapping en lien avec mon roman graphique: <a href=\"https:\/\/www.calameo.com\/read\/000012253db986ccde078?language=en&amp;page=1\">https:\/\/www.calameo.com\/read\/000012253db986ccde078?language=en&amp;page=1<\/a><\/p>\n\n\n\n<p><\/p>\n\n\n\n<p><strong>ATTRACTEURS ETRANGES<\/strong> , un concert de pianos pr\u00e9par\u00e9s et voix lyrique (Gala Damen) en diffusion multicanale. Pr\u00e9paration de la premi\u00e9re pour le <em>Festival Piano Pic<\/em>&nbsp;\u00e0 Bagn\u00e8res de Bigorre le 26 juillet 2026. Mise en place technique et artistique. Un lien vers le site du festival: <a href=\"https:\/\/www.piano-pic.fr\/\">https:\/\/www.piano-pic.fr\/<\/a><\/p>\n\n\n\n<figure class=\"wp-block-image\"><img loading=\"lazy\" decoding=\"async\" width=\"724\" height=\"1024\" src=\"https:\/\/subrebost.com\/wp-content\/uploads\/2025\/03\/affiche-le-pic-3-724x1024.jpg\" alt=\"\" class=\"wp-image-313\" srcset=\"https:\/\/subrebost.com\/wp-content\/uploads\/2025\/03\/affiche-le-pic-3-724x1024.jpg 724w, https:\/\/subrebost.com\/wp-content\/uploads\/2025\/03\/affiche-le-pic-3-212x300.jpg 212w, https:\/\/subrebost.com\/wp-content\/uploads\/2025\/03\/affiche-le-pic-3-768x1086.jpg 768w, https:\/\/subrebost.com\/wp-content\/uploads\/2025\/03\/affiche-le-pic-3-1086x1536.jpg 1086w, https:\/\/subrebost.com\/wp-content\/uploads\/2025\/03\/affiche-le-pic-3-1448x2048.jpg 1448w, https:\/\/subrebost.com\/wp-content\/uploads\/2025\/03\/affiche-le-pic-3-1018x1440.jpg 1018w, https:\/\/subrebost.com\/wp-content\/uploads\/2025\/03\/affiche-le-pic-3-scaled.jpg 1810w\" sizes=\"auto, (max-width: 724px) 100vw, 724px\" \/><\/figure>\n\n\n\n<p><\/p>\n\n\n\n<figure class=\"wp-block-image\"><img loading=\"lazy\" decoding=\"async\" width=\"1024\" height=\"1024\" src=\"https:\/\/subrebost.com\/wp-content\/uploads\/2025\/03\/logo1-copie-1024x1024.jpg\" alt=\"\" class=\"wp-image-315\" srcset=\"https:\/\/subrebost.com\/wp-content\/uploads\/2025\/03\/logo1-copie-1024x1024.jpg 1024w, https:\/\/subrebost.com\/wp-content\/uploads\/2025\/03\/logo1-copie-300x300.jpg 300w, https:\/\/subrebost.com\/wp-content\/uploads\/2025\/03\/logo1-copie-150x150.jpg 150w, https:\/\/subrebost.com\/wp-content\/uploads\/2025\/03\/logo1-copie-768x768.jpg 768w, https:\/\/subrebost.com\/wp-content\/uploads\/2025\/03\/logo1-copie-1536x1536.jpg 1536w, https:\/\/subrebost.com\/wp-content\/uploads\/2025\/03\/logo1-copie-2048x2048.jpg 2048w, https:\/\/subrebost.com\/wp-content\/uploads\/2025\/03\/logo1-copie-1440x1440.jpg 1440w\" sizes=\"auto, (max-width: 1024px) 100vw, 1024px\" \/><\/figure>\n\n\n\n<p>Finalisation de l\u2019album et pr\u00e9paration de la tourn\u00e9e 2026\u2026. <a href=\"https:\/\/mollyqueen.bandcamp.com\/album\/leash-and-let-die\">https:\/\/mollyqueen.bandcamp.com\/album\/leash-and-let-die<\/a><\/p>\n\n\n\n<p>D\u00e9ja des premi\u00e8res parties avec des t\u00eates d\u2019affiches book\u00e9es\u2026<\/p>\n\n\n\n<p><\/p>\n","protected":false},"excerpt":{"rendered":"<p>CONTRE-FEUX: Pr\u00e9paration technique de \u201cContre-Feux\u201d la performance qui m\u00eale po\u00e9sie, \u00e9criture, litt\u00e9rature, musique live et vid\u00e9o mapping en lien avec mon roman graphique: https:\/\/www.calameo.com\/read\/000012253db986ccde078?language=en&amp;page=1 ATTRACTEURS ETRANGES , un concert de pianos pr\u00e9par\u00e9s et voix lyrique (Gala Damen) en diffusion multicanale. Pr\u00e9paration de la premi\u00e9re pour le Festival Piano Pic&nbsp;\u00e0 Bagn\u00e8res de Bigorre le 26 juillet [&hellip;]<\/p>\n","protected":false},"author":1,"featured_media":0,"parent":0,"menu_order":0,"comment_status":"closed","ping_status":"closed","template":"","meta":{"footnotes":""},"class_list":["post-433","page","type-page","status-publish","hentry"],"_links":{"self":[{"href":"https:\/\/subrebost.com\/index.php\/wp-json\/wp\/v2\/pages\/433","targetHints":{"allow":["GET"]}}],"collection":[{"href":"https:\/\/subrebost.com\/index.php\/wp-json\/wp\/v2\/pages"}],"about":[{"href":"https:\/\/subrebost.com\/index.php\/wp-json\/wp\/v2\/types\/page"}],"author":[{"embeddable":true,"href":"https:\/\/subrebost.com\/index.php\/wp-json\/wp\/v2\/users\/1"}],"replies":[{"embeddable":true,"href":"https:\/\/subrebost.com\/index.php\/wp-json\/wp\/v2\/comments?post=433"}],"version-history":[{"count":5,"href":"https:\/\/subrebost.com\/index.php\/wp-json\/wp\/v2\/pages\/433\/revisions"}],"predecessor-version":[{"id":600,"href":"https:\/\/subrebost.com\/index.php\/wp-json\/wp\/v2\/pages\/433\/revisions\/600"}],"wp:attachment":[{"href":"https:\/\/subrebost.com\/index.php\/wp-json\/wp\/v2\/media?parent=433"}],"curies":[{"name":"wp","href":"https:\/\/api.w.org\/{rel}","templated":true}]}}