{"id":377,"date":"2025-11-11T17:00:50","date_gmt":"2025-11-11T16:00:50","guid":{"rendered":"https:\/\/subrebost.com\/?page_id=377"},"modified":"2025-11-11T17:04:45","modified_gmt":"2025-11-11T16:04:45","slug":"stephane","status":"publish","type":"page","link":"https:\/\/subrebost.com\/index.php\/stephane\/","title":{"rendered":"STEPHANE"},"content":{"rendered":"\n<figure class=\"wp-block-embed is-type-video is-provider-youtube wp-block-embed-youtube wp-embed-aspect-16-9 wp-has-aspect-ratio\"><div class=\"wp-block-embed__wrapper\">\n<iframe loading=\"lazy\" title=\"St\u00e9phane\" width=\"640\" height=\"360\" src=\"https:\/\/www.youtube.com\/embed\/AL0VJJUKDzU?feature=oembed\" frameborder=\"0\" allow=\"accelerometer; autoplay; clipboard-write; encrypted-media; gyroscope; picture-in-picture; web-share\" referrerpolicy=\"strict-origin-when-cross-origin\" allowfullscreen><\/iframe>\n<\/div><figcaption class=\"wp-element-caption\">Synopsis<br>St\u00e9phane \u00e9volue dans un univers o\u00f9 se succ\u00e8dent fantasmagories du r\u00e9el et visions color\u00e9es de l&#8217;imaginaire. La pression ext\u00e9rieure, qui lui \u00e9tait \u00e9trang\u00e8re, vient troubler sa qui\u00e9tude illusoire. De la po\u00e9sie \u00e0 la proph\u00e9tie, il n&#8217;y a, parfois, que le souffle d&#8217;une \u00e9motion passag\u00e8re ! Un court m\u00e9trage &#8220;improvis\u00e9&#8221; avec Stephane Van Ruis et Catherine Leprince<\/figcaption><\/figure>\n","protected":false},"excerpt":{"rendered":"","protected":false},"author":1,"featured_media":0,"parent":0,"menu_order":0,"comment_status":"closed","ping_status":"closed","template":"","meta":{"footnotes":""},"class_list":["post-377","page","type-page","status-publish","hentry"],"_links":{"self":[{"href":"https:\/\/subrebost.com\/index.php\/wp-json\/wp\/v2\/pages\/377","targetHints":{"allow":["GET"]}}],"collection":[{"href":"https:\/\/subrebost.com\/index.php\/wp-json\/wp\/v2\/pages"}],"about":[{"href":"https:\/\/subrebost.com\/index.php\/wp-json\/wp\/v2\/types\/page"}],"author":[{"embeddable":true,"href":"https:\/\/subrebost.com\/index.php\/wp-json\/wp\/v2\/users\/1"}],"replies":[{"embeddable":true,"href":"https:\/\/subrebost.com\/index.php\/wp-json\/wp\/v2\/comments?post=377"}],"version-history":[{"count":2,"href":"https:\/\/subrebost.com\/index.php\/wp-json\/wp\/v2\/pages\/377\/revisions"}],"predecessor-version":[{"id":383,"href":"https:\/\/subrebost.com\/index.php\/wp-json\/wp\/v2\/pages\/377\/revisions\/383"}],"wp:attachment":[{"href":"https:\/\/subrebost.com\/index.php\/wp-json\/wp\/v2\/media?parent=377"}],"curies":[{"name":"wp","href":"https:\/\/api.w.org\/{rel}","templated":true}]}}