{"id":375,"date":"2025-11-11T16:59:36","date_gmt":"2025-11-11T15:59:36","guid":{"rendered":"https:\/\/subrebost.com\/?page_id=375"},"modified":"2025-11-11T17:07:49","modified_gmt":"2025-11-11T16:07:49","slug":"transcendance","status":"publish","type":"page","link":"https:\/\/subrebost.com\/index.php\/transcendance\/","title":{"rendered":"TRANSCENDANCE"},"content":{"rendered":"\n<p>Transcendance ( FR )<\/p>\n\n\n\n<figure class=\"wp-block-embed is-type-video is-provider-dailymotion wp-block-embed-dailymotion\"><div class=\"wp-block-embed__wrapper\">\n<iframe loading=\"lazy\" title=\"Transcendance    version fran\u00e7aise\" frameborder=\"0\" width=\"640\" height=\"368\" src=\"https:\/\/geo.dailymotion.com\/player.html?video=xg66l5&#038;\" allowfullscreen allow=\"autoplay; fullscreen; picture-in-picture; web-share\"><\/iframe>\n<\/div><figcaption class=\"wp-element-caption\">Transcendance, un moyen m\u00e9trage en noir et blanc ou presque, muet, d\u00e9lirant, burlesque \u00e9rotico (quoique !!!) mystique (quoique!!!) &#8230;Bref le renouveau du cin\u00e9ma muet !!!! \ud83d\ude09 Un homme des bois rencontre plusieurs personnages et devient une femme amoureuse&#8230;<\/figcaption><\/figure>\n\n\n\n<p>Bande annonce<\/p>\n\n\n\n<figure class=\"wp-block-embed is-type-video is-provider-dailymotion wp-block-embed-dailymotion\"><div class=\"wp-block-embed__wrapper\">\n<iframe loading=\"lazy\" title=\"Transcendance -Bande annonce\" frameborder=\"0\" width=\"640\" height=\"368\" src=\"https:\/\/geo.dailymotion.com\/player.html?video=xeavu1&#038;\" allowfullscreen allow=\"autoplay; fullscreen; picture-in-picture; web-share\"><\/iframe>\n<\/div><\/figure>\n\n\n\n<p><\/p>\n\n\n\n<p><\/p>\n\n\n\n<p><\/p>\n\n\n\n<p><strong>TRANSCENDANCE ( EN )<\/strong><\/p>\n\n\n\n<figure class=\"wp-block-embed is-type-video is-provider-dailymotion wp-block-embed-dailymotion\"><div class=\"wp-block-embed__wrapper\">\n<iframe loading=\"lazy\" title=\"Transcendence\" frameborder=\"0\" width=\"640\" height=\"368\" src=\"https:\/\/geo.dailymotion.com\/player.html?video=xg69og&#038;\" allowfullscreen allow=\"autoplay; fullscreen; picture-in-picture; web-share\"><\/iframe>\n<\/div><figcaption class=\"wp-element-caption\">Transcendance, a medium-length film in black and white (or almost), silent, delirious, burlesque, erotic (well, sort of!!!), mystical (well, sort of!!!)\u2026 In short, the revival of silent cinema!!!! \ud83d\ude09 A man of the woods meets several characters and becomes a woman in love\u2026<\/figcaption><\/figure>\n","protected":false},"excerpt":{"rendered":"<p>Transcendance ( FR ) Bande annonce TRANSCENDANCE ( EN )<\/p>\n","protected":false},"author":1,"featured_media":0,"parent":0,"menu_order":0,"comment_status":"closed","ping_status":"closed","template":"","meta":{"footnotes":""},"class_list":["post-375","page","type-page","status-publish","hentry"],"_links":{"self":[{"href":"https:\/\/subrebost.com\/index.php\/wp-json\/wp\/v2\/pages\/375","targetHints":{"allow":["GET"]}}],"collection":[{"href":"https:\/\/subrebost.com\/index.php\/wp-json\/wp\/v2\/pages"}],"about":[{"href":"https:\/\/subrebost.com\/index.php\/wp-json\/wp\/v2\/types\/page"}],"author":[{"embeddable":true,"href":"https:\/\/subrebost.com\/index.php\/wp-json\/wp\/v2\/users\/1"}],"replies":[{"embeddable":true,"href":"https:\/\/subrebost.com\/index.php\/wp-json\/wp\/v2\/comments?post=375"}],"version-history":[{"count":7,"href":"https:\/\/subrebost.com\/index.php\/wp-json\/wp\/v2\/pages\/375\/revisions"}],"predecessor-version":[{"id":388,"href":"https:\/\/subrebost.com\/index.php\/wp-json\/wp\/v2\/pages\/375\/revisions\/388"}],"wp:attachment":[{"href":"https:\/\/subrebost.com\/index.php\/wp-json\/wp\/v2\/media?parent=375"}],"curies":[{"name":"wp","href":"https:\/\/api.w.org\/{rel}","templated":true}]}}