{"id":260,"date":"2025-03-11T08:23:11","date_gmt":"2025-03-11T07:23:11","guid":{"rendered":"https:\/\/subrebost.com\/?page_id=260"},"modified":"2025-11-11T15:44:45","modified_gmt":"2025-11-11T14:44:45","slug":"monte-christa","status":"publish","type":"page","link":"https:\/\/subrebost.com\/index.php\/monte-christa\/","title":{"rendered":"MONTE-CHRISTA"},"content":{"rendered":"\n<figure class=\"wp-block-embed is-provider-youtube wp-block-embed-youtube\"><div class=\"wp-block-embed__wrapper\">\n<iframe loading=\"lazy\" title=\"Monte Christa\" width=\"640\" height=\"360\" src=\"https:\/\/www.youtube.com\/embed\/pXuauyLmUV4?feature=oembed\" frameborder=\"0\" allow=\"accelerometer; autoplay; clipboard-write; encrypted-media; gyroscope; picture-in-picture; web-share\" referrerpolicy=\"strict-origin-when-cross-origin\" allowfullscreen><\/iframe>\n<\/div><figcaption class=\"wp-element-caption\">Compagnie de Trobairitz ( F\u00e9minin de troubadours) avec Gala Damen qui utilise le vid\u00e9o mapping, les machines et instruments \u00e9lectroniques, les musiques, les diff\u00e9rents chants, l&#8217;art du conte, l&#8217;improvisation, les cin\u00e9 concerts pour des r\u00e9alisations et prestations \u00e0 la demande et adapt\u00e9es pour les communes, villes, associations ou entreprises&#8230;<\/figcaption><\/figure>\n\n\n\n<p><\/p>\n\n\n\n<figure class=\"wp-block-embed is-type-video is-provider-youtube wp-block-embed-youtube wp-embed-aspect-9-16 wp-has-aspect-ratio\"><div class=\"wp-block-embed__wrapper\">\n<iframe loading=\"lazy\" title=\"Monte-Christa, Gala Damen, Electrokorps...\" width=\"540\" height=\"960\" src=\"https:\/\/www.youtube.com\/embed\/e4mZ18TFgVM?feature=oembed\" frameborder=\"0\" allow=\"accelerometer; autoplay; clipboard-write; encrypted-media; gyroscope; picture-in-picture; web-share\" referrerpolicy=\"strict-origin-when-cross-origin\" allowfullscreen><\/iframe>\n<\/div><\/figure>\n","protected":false},"excerpt":{"rendered":"","protected":false},"author":1,"featured_media":0,"parent":0,"menu_order":0,"comment_status":"closed","ping_status":"closed","template":"","meta":{"footnotes":""},"class_list":["post-260","page","type-page","status-publish","hentry"],"_links":{"self":[{"href":"https:\/\/subrebost.com\/index.php\/wp-json\/wp\/v2\/pages\/260","targetHints":{"allow":["GET"]}}],"collection":[{"href":"https:\/\/subrebost.com\/index.php\/wp-json\/wp\/v2\/pages"}],"about":[{"href":"https:\/\/subrebost.com\/index.php\/wp-json\/wp\/v2\/types\/page"}],"author":[{"embeddable":true,"href":"https:\/\/subrebost.com\/index.php\/wp-json\/wp\/v2\/users\/1"}],"replies":[{"embeddable":true,"href":"https:\/\/subrebost.com\/index.php\/wp-json\/wp\/v2\/comments?post=260"}],"version-history":[{"count":5,"href":"https:\/\/subrebost.com\/index.php\/wp-json\/wp\/v2\/pages\/260\/revisions"}],"predecessor-version":[{"id":355,"href":"https:\/\/subrebost.com\/index.php\/wp-json\/wp\/v2\/pages\/260\/revisions\/355"}],"wp:attachment":[{"href":"https:\/\/subrebost.com\/index.php\/wp-json\/wp\/v2\/media?parent=260"}],"curies":[{"name":"wp","href":"https:\/\/api.w.org\/{rel}","templated":true}]}}