{"id":222,"date":"2025-03-08T15:43:24","date_gmt":"2025-03-08T14:43:24","guid":{"rendered":"https:\/\/subrebost.com\/?page_id=222"},"modified":"2025-11-12T18:30:35","modified_gmt":"2025-11-12T17:30:35","slug":"contact-booking","status":"publish","type":"page","link":"https:\/\/subrebost.com\/index.php\/contact-booking\/","title":{"rendered":"CONTACT \/ BOOKING"},"content":{"rendered":"\n<p><\/p>\n\n\n\n<p><strong>Pour organiser et r\u00e9server Electrokorps, Molly Queen, une performance po\u00e9tique, une conf\u00e9rence, un cin\u00e9 concert, une prestation technique, une cr\u00e9ation de mapping ou de technique son ( mix, mastering, restauration sonore, transfert cin\u00e9\/vid\u00e9o&#8230; <\/strong><\/p>\n\n\n\n<p><strong>C&#8217;est ici:<\/strong><\/p>\n\n\n\n<div class=\"wpcf7 no-js\" id=\"wpcf7-f185-o1\" lang=\"en-US\" dir=\"ltr\" data-wpcf7-id=\"185\">\n<div class=\"screen-reader-response\"><p role=\"status\" aria-live=\"polite\" aria-atomic=\"true\"><\/p> <ul><\/ul><\/div>\n<form action=\"\/index.php\/wp-json\/wp\/v2\/pages\/222#wpcf7-f185-o1\" method=\"post\" class=\"wpcf7-form init\" aria-label=\"Contact form\" novalidate=\"novalidate\" data-status=\"init\">\n<div style=\"display: none;\">\n<input type=\"hidden\" name=\"_wpcf7\" value=\"185\" \/>\n<input type=\"hidden\" name=\"_wpcf7_version\" value=\"6.0.4\" \/>\n<input type=\"hidden\" name=\"_wpcf7_locale\" value=\"en_US\" \/>\n<input type=\"hidden\" name=\"_wpcf7_unit_tag\" value=\"wpcf7-f185-o1\" \/>\n<input type=\"hidden\" name=\"_wpcf7_container_post\" value=\"0\" \/>\n<input type=\"hidden\" name=\"_wpcf7_posted_data_hash\" value=\"\" \/>\n<\/div>\n<p><label> Your name<br \/>\n<span class=\"wpcf7-form-control-wrap\" data-name=\"your-name\"><input size=\"40\" maxlength=\"400\" class=\"wpcf7-form-control wpcf7-text wpcf7-validates-as-required\" autocomplete=\"name\" aria-required=\"true\" aria-invalid=\"false\" value=\"\" type=\"text\" name=\"your-name\" \/><\/span> <\/label>\n<\/p>\n<p><label> Your email<br \/>\n<span class=\"wpcf7-form-control-wrap\" data-name=\"your-email\"><input size=\"40\" maxlength=\"400\" class=\"wpcf7-form-control wpcf7-email wpcf7-validates-as-required wpcf7-text wpcf7-validates-as-email\" autocomplete=\"email\" aria-required=\"true\" aria-invalid=\"false\" value=\"\" type=\"email\" name=\"your-email\" \/><\/span> <\/label>\n<\/p>\n<p><label> Subject<br \/>\n<span class=\"wpcf7-form-control-wrap\" data-name=\"your-subject\"><input size=\"40\" maxlength=\"400\" class=\"wpcf7-form-control wpcf7-text wpcf7-validates-as-required\" aria-required=\"true\" aria-invalid=\"false\" value=\"\" type=\"text\" name=\"your-subject\" \/><\/span> <\/label>\n<\/p>\n<p><label> Your message (optional)<br \/>\n<span class=\"wpcf7-form-control-wrap\" data-name=\"your-message\"><textarea cols=\"40\" rows=\"10\" maxlength=\"2000\" class=\"wpcf7-form-control wpcf7-textarea\" aria-invalid=\"false\" name=\"your-message\"><\/textarea><\/span> <\/label>\n<\/p>\n<p><input class=\"wpcf7-form-control wpcf7-submit has-spinner\" type=\"submit\" value=\"Submit\" \/>\n<\/p><div class=\"wpcf7-response-output\" aria-hidden=\"true\"><\/div>\n<\/form>\n<\/div>\n\n\n\n\n<figure class=\"wp-block-gallery has-nested-images columns-default is-cropped wp-block-gallery-1 is-layout-flex wp-block-gallery-is-layout-flex\">\n<figure class=\"wp-block-image size-large\"><img loading=\"lazy\" decoding=\"async\" width=\"1024\" height=\"1024\" data-id=\"523\" src=\"https:\/\/subrebost.com\/wp-content\/uploads\/2025\/11\/hunger-and-wrath-cover-1024x1024.jpg\" alt=\"\" class=\"wp-image-523\" srcset=\"https:\/\/subrebost.com\/wp-content\/uploads\/2025\/11\/hunger-and-wrath-cover-1024x1024.jpg 1024w, https:\/\/subrebost.com\/wp-content\/uploads\/2025\/11\/hunger-and-wrath-cover-300x300.jpg 300w, https:\/\/subrebost.com\/wp-content\/uploads\/2025\/11\/hunger-and-wrath-cover-150x150.jpg 150w, https:\/\/subrebost.com\/wp-content\/uploads\/2025\/11\/hunger-and-wrath-cover-768x768.jpg 768w, https:\/\/subrebost.com\/wp-content\/uploads\/2025\/11\/hunger-and-wrath-cover.jpg 1444w\" sizes=\"auto, (max-width: 1024px) 100vw, 1024px\" \/><\/figure>\n\n\n\n<figure class=\"wp-block-image size-large\"><img loading=\"lazy\" decoding=\"async\" width=\"959\" height=\"969\" data-id=\"527\" src=\"https:\/\/subrebost.com\/wp-content\/uploads\/2025\/11\/Capture-decran-2025-08-20-a-18.01.46.png\" alt=\"\" class=\"wp-image-527\" srcset=\"https:\/\/subrebost.com\/wp-content\/uploads\/2025\/11\/Capture-decran-2025-08-20-a-18.01.46.png 959w, https:\/\/subrebost.com\/wp-content\/uploads\/2025\/11\/Capture-decran-2025-08-20-a-18.01.46-297x300.png 297w, https:\/\/subrebost.com\/wp-content\/uploads\/2025\/11\/Capture-decran-2025-08-20-a-18.01.46-768x776.png 768w\" sizes=\"auto, (max-width: 959px) 100vw, 959px\" \/><\/figure>\n\n\n\n<figure class=\"wp-block-image size-large\"><img loading=\"lazy\" decoding=\"async\" width=\"1024\" height=\"768\" data-id=\"519\" src=\"https:\/\/subrebost.com\/wp-content\/uploads\/2025\/11\/IMG_0766-1024x768.jpg\" alt=\"\" class=\"wp-image-519\" srcset=\"https:\/\/subrebost.com\/wp-content\/uploads\/2025\/11\/IMG_0766-1024x768.jpg 1024w, https:\/\/subrebost.com\/wp-content\/uploads\/2025\/11\/IMG_0766-300x225.jpg 300w, https:\/\/subrebost.com\/wp-content\/uploads\/2025\/11\/IMG_0766-768x576.jpg 768w, https:\/\/subrebost.com\/wp-content\/uploads\/2025\/11\/IMG_0766-1536x1152.jpg 1536w, https:\/\/subrebost.com\/wp-content\/uploads\/2025\/11\/IMG_0766.jpg 2048w\" sizes=\"auto, (max-width: 1024px) 100vw, 1024px\" \/><figcaption class=\"wp-element-caption\">Concerts\/Accompagnement\/<br>improvisation<\/figcaption><\/figure>\n\n\n\n<figure class=\"wp-block-image size-large\"><img loading=\"lazy\" decoding=\"async\" width=\"414\" height=\"414\" data-id=\"508\" src=\"https:\/\/subrebost.com\/wp-content\/uploads\/2025\/11\/516393286_10164091783679523_1156151016806977708_n-1.jpg\" alt=\"\" class=\"wp-image-508\" srcset=\"https:\/\/subrebost.com\/wp-content\/uploads\/2025\/11\/516393286_10164091783679523_1156151016806977708_n-1.jpg 414w, https:\/\/subrebost.com\/wp-content\/uploads\/2025\/11\/516393286_10164091783679523_1156151016806977708_n-1-300x300.jpg 300w, https:\/\/subrebost.com\/wp-content\/uploads\/2025\/11\/516393286_10164091783679523_1156151016806977708_n-1-150x150.jpg 150w\" sizes=\"auto, (max-width: 414px) 100vw, 414px\" \/><figcaption class=\"wp-element-caption\">cin\u00e9 concert ( Ici \u00e0 Chalus)<\/figcaption><\/figure>\n\n\n\n<figure class=\"wp-block-image size-large\"><img loading=\"lazy\" decoding=\"async\" width=\"414\" height=\"414\" data-id=\"484\" src=\"https:\/\/subrebost.com\/wp-content\/uploads\/2025\/11\/467755617_10163122079144523_1898094180397703937_n.jpg\" alt=\"\" class=\"wp-image-484\" srcset=\"https:\/\/subrebost.com\/wp-content\/uploads\/2025\/11\/467755617_10163122079144523_1898094180397703937_n.jpg 414w, https:\/\/subrebost.com\/wp-content\/uploads\/2025\/11\/467755617_10163122079144523_1898094180397703937_n-300x300.jpg 300w, https:\/\/subrebost.com\/wp-content\/uploads\/2025\/11\/467755617_10163122079144523_1898094180397703937_n-150x150.jpg 150w\" sizes=\"auto, (max-width: 414px) 100vw, 414px\" \/><figcaption class=\"wp-element-caption\">Conf\u00e9rence \u00e0 Bordeaux sur la morale du termite<\/figcaption><\/figure>\n\n\n\n<figure class=\"wp-block-image size-large\"><img loading=\"lazy\" decoding=\"async\" width=\"414\" height=\"414\" data-id=\"493\" src=\"https:\/\/subrebost.com\/wp-content\/uploads\/2025\/11\/468431152_10163189528599523_4456751789766595823_n.jpg\" alt=\"\" class=\"wp-image-493\" srcset=\"https:\/\/subrebost.com\/wp-content\/uploads\/2025\/11\/468431152_10163189528599523_4456751789766595823_n.jpg 414w, https:\/\/subrebost.com\/wp-content\/uploads\/2025\/11\/468431152_10163189528599523_4456751789766595823_n-300x300.jpg 300w, https:\/\/subrebost.com\/wp-content\/uploads\/2025\/11\/468431152_10163189528599523_4456751789766595823_n-150x150.jpg 150w\" sizes=\"auto, (max-width: 414px) 100vw, 414px\" \/><figcaption class=\"wp-element-caption\">Conf\u00e9rence \u00e0 Toulouse sur Cin\u00e9ma et Mythe<\/figcaption><\/figure>\n<\/figure>\n","protected":false},"excerpt":{"rendered":"<p>Pour organiser et r\u00e9server Electrokorps, Molly Queen, une performance po\u00e9tique, une conf\u00e9rence, un cin\u00e9 concert, une prestation technique, une cr\u00e9ation de mapping ou de technique son ( mix, mastering, restauration sonore, transfert cin\u00e9\/vid\u00e9o&#8230; C&#8217;est ici:<\/p>\n","protected":false},"author":1,"featured_media":0,"parent":0,"menu_order":0,"comment_status":"closed","ping_status":"closed","template":"","meta":{"footnotes":""},"class_list":["post-222","page","type-page","status-publish","hentry"],"_links":{"self":[{"href":"https:\/\/subrebost.com\/index.php\/wp-json\/wp\/v2\/pages\/222","targetHints":{"allow":["GET"]}}],"collection":[{"href":"https:\/\/subrebost.com\/index.php\/wp-json\/wp\/v2\/pages"}],"about":[{"href":"https:\/\/subrebost.com\/index.php\/wp-json\/wp\/v2\/types\/page"}],"author":[{"embeddable":true,"href":"https:\/\/subrebost.com\/index.php\/wp-json\/wp\/v2\/users\/1"}],"replies":[{"embeddable":true,"href":"https:\/\/subrebost.com\/index.php\/wp-json\/wp\/v2\/comments?post=222"}],"version-history":[{"count":6,"href":"https:\/\/subrebost.com\/index.php\/wp-json\/wp\/v2\/pages\/222\/revisions"}],"predecessor-version":[{"id":541,"href":"https:\/\/subrebost.com\/index.php\/wp-json\/wp\/v2\/pages\/222\/revisions\/541"}],"wp:attachment":[{"href":"https:\/\/subrebost.com\/index.php\/wp-json\/wp\/v2\/media?parent=222"}],"curies":[{"name":"wp","href":"https:\/\/api.w.org\/{rel}","templated":true}]}}